{"id":94,"date":"2018-03-03T13:22:42","date_gmt":"2018-03-03T13:22:42","guid":{"rendered":"http:\/\/tinawhairstyle.de\/?page_id=94"},"modified":"2024-10-08T04:37:16","modified_gmt":"2024-10-08T04:37:16","slug":"urheberrechtshinweise","status":"publish","type":"page","link":"https:\/\/tinawhairstyle.de\/?page_id=94","title":{"rendered":"Urheberrechtshinweise"},"content":{"rendered":"<h1>Allgemein<\/h1>\n<p>Alle Inhalte der Webseiten <a href=\"https:\/\/tinawhairstyle.de\" target=\"_blank\" rel=\"noopener noreferrer\">tinawhairstyle.de<\/a> und <a href=\"https:\/\/tinawhair.style\">tinawhair.style<\/a>, insbesondere Texte, Fotografien und Grafiken, sind urheberrechtlich gesch\u00fctzt. Das Urheberrecht liegt, soweit nicht ausdr\u00fccklich anders gekennzeichnet, bei den im Quellenverzeichnis aufgef\u00fchrten Inhabenden oder dem Betreibenden dieser Webseite. Die Verwendung von Inhalten ist nur nach Genehmigung durch den jeweilgen Inhabenden gestattet.<\/p>\n<p><span id=\"copyrighthinweis_cc\">F\u00fcr das Urheberrecht von Inhalten auf verlinkten Seiten sowie f\u00fcr google Reviews gilt der dortige Urheberrechtshinweis.<\/span><\/p>\n<p>Wer gegen das Urheberrecht verst\u00f6\u00dft (z.B. Bilder oder Texte unerlaubt kopiert), macht sich gem.\u00a0\u00a7\u00a7\u00a0<a title=\"\u00a7 106 UrhG: Unerlaubte Verwertung urheberrechtlich gesch\u00fctzter Werke\" href=\"https:\/\/dejure.org\/gesetze\/UrhG\/106.html\">106<\/a>\u00a0ff UrhG\u00a0strafbar, wird zudem kostenpflichtig abgemahnt und muss Schadensersatz leisten (\u00a7\u00a0<a title=\"\u00a7 97 UrhG: Anspruch auf Unterlassung und Schadensersatz\" href=\"https:\/\/dejure.org\/gesetze\/UrhG\/97.html\">97<\/a>UrhG).<\/p>\n<p>\u00a0<\/p>\n<p><span style=\"font-size: 1.5rem;\">Quellenverzeichnis der verwendeten Bilder<\/span><\/p>\n<table style=\"height: 720px; width: 100.789%;\">\n<tbody>\n<tr style=\"height: 25px;\">\n<td style=\"width: 30.7246%; height: 25px;\"><strong>Fundstelle<\/strong><\/td>\n<td style=\"width: 21.8841%; height: 25px;\"><strong>Quelle<\/strong><\/td>\n<td style=\"width: 40.8696%; height: 25px;\"><strong>Lizenz<\/strong><\/td>\n<\/tr>\n<tr style=\"height: 51px;\">\n<td style=\"width: 30.7246%; height: 54px;\"><a href=\"https:\/\/tinawhairstyle.de\/\" target=\"_blank\" rel=\"noopener noreferrer\">Header<\/a><\/td>\n<td style=\"width: 21.8841%; text-align: center; height: 54px;\">katyandgeorge (pixabay)<\/td>\n<td style=\"width: 40.8696%; height: 108px;\"><a href=\"https:\/\/pixabay.com\/de\/service\/license\/\">Pixabay License<\/a><\/td>\n<\/tr>\n<tr style=\"height: 69px;\">\n<td style=\"width: 30.7246%; height: 69px;\"><a href=\"https:\/\/tinawhairstyle.de\/adresse-telefon\" target=\"_blank\" rel=\"noopener\">Kontakt<\/a><\/td>\n<td style=\"width: 21.8841%; text-align: center; height: 120px;\" rowspan=\"2\">Elegant Themes<\/td>\n<td style=\"width: 40.8696%; height: 120px;\" rowspan=\"2\"><a href=\"https:\/\/www.elegantthemes.com\/gallery\/divi\/\" target=\"_blank\" rel=\"noopener\">Divi Theme<\/a><\/td>\n<\/tr>\n<tr style=\"height: 51px;\">\n<td style=\"width: 30.7246%; height: 51px;\"><a href=\"https:\/\/tinawhairstyle.de\/oeffnungszeiten\" target=\"_blank\" rel=\"noopener noreferrer\">\u00d6ffnungszeiten<\/a><\/td>\n<\/tr>\n<tr style=\"height: 51px;\">\n<td style=\"width: 30.7246%; height: 204px;\" rowspan=\"4\"><a href=\"https:\/\/tinawhairstyle.de\/neue-zahlungsmoeglichkeiten\" target=\"_blank\" rel=\"noopener noreferrer\">Zahlungsm\u00f6glichkeiten<\/a><\/td>\n<td style=\"width: 21.8841%; text-align: center; height: 51px;\">SumUp<\/td>\n<td style=\"width: 40.8696%; height: 51px;\"><a href=\"https:\/\/sumup.de\/press\/?\" target=\"_blank\" rel=\"noopener noreferrer\">\u00a0SumUp Logo &amp; Bilde<\/a>r<\/td>\n<\/tr>\n<tr style=\"height: 51px;\">\n<td style=\"width: 21.8841%; text-align: center; height: 51px;\">Apple<\/td>\n<td style=\"width: 40.8696%; height: 51px;\"><a href=\"https:\/\/www.apple.com\/apple-pay\/\" target=\"_blank\" rel=\"noopener noreferrer\">Apple Pay<\/a><\/td>\n<\/tr>\n<tr style=\"height: 51px;\">\n<td style=\"width: 21.8841%; text-align: center; height: 51px;\">Google<\/td>\n<td style=\"width: 40.8696%; height: 51px;\"><a href=\"https:\/\/www.google.com\/permissions\/trademark\/brand-terms.html\" target=\"_blank\" rel=\"noopener noreferrer\">Nutzungsbedingungen f\u00fcr Google-Markenkennzeichen<\/a><\/td>\n<\/tr>\n<tr style=\"height: 51px;\">\n<td style=\"width: 21.8841%; text-align: center; height: 51px;\">Mastercard<\/td>\n<td style=\"width: 40.8696%; height: 51px;\"><a href=\"https:\/\/brand.mastercard.com\/brandcenter-de\/mastercard-brand-mark\/downloads.html\" target=\"_blank\" rel=\"noopener noreferrer\">Mastercard Markenzeichen<\/a><\/td>\n<\/tr>\n<\/tbody>\n<\/table>\n\n\n<p><\/p>\n","protected":false},"excerpt":{"rendered":"<p>Allgemein Alle Inhalte der Webseiten tinawhairstyle.de und tinawhair.style, insbesondere Texte, Fotografien und Grafiken, sind urheberrechtlich gesch\u00fctzt. Das Urheberrecht liegt, soweit nicht ausdr\u00fccklich anders gekennzeichnet, bei den im Quellenverzeichnis aufgef\u00fchrten Inhabenden oder dem Betreibenden dieser Webseite. Die Verwendung von Inhalten ist nur nach Genehmigung durch den jeweilgen Inhabenden gestattet. F\u00fcr das Urheberrecht von Inhalten auf verlinkten [&hellip;]<\/p>\n","protected":false},"author":1,"featured_media":0,"parent":0,"menu_order":0,"comment_status":"closed","ping_status":"closed","template":"","meta":{"_et_pb_use_builder":"","_et_pb_old_content":"","_et_gb_content_width":"","_FSMCFIC_featured_image_caption":"","_FSMCFIC_featured_image_nocaption":"1","_FSMCFIC_featured_image_hide":null,"footnotes":""},"class_list":["post-94","page","type-page","status-publish","hentry"],"_links":{"self":[{"href":"https:\/\/tinawhairstyle.de\/index.php?rest_route=\/wp\/v2\/pages\/94","targetHints":{"allow":["GET"]}}],"collection":[{"href":"https:\/\/tinawhairstyle.de\/index.php?rest_route=\/wp\/v2\/pages"}],"about":[{"href":"https:\/\/tinawhairstyle.de\/index.php?rest_route=\/wp\/v2\/types\/page"}],"author":[{"embeddable":true,"href":"https:\/\/tinawhairstyle.de\/index.php?rest_route=\/wp\/v2\/users\/1"}],"replies":[{"embeddable":true,"href":"https:\/\/tinawhairstyle.de\/index.php?rest_route=%2Fwp%2Fv2%2Fcomments&post=94"}],"version-history":[{"count":2,"href":"https:\/\/tinawhairstyle.de\/index.php?rest_route=\/wp\/v2\/pages\/94\/revisions"}],"predecessor-version":[{"id":988,"href":"https:\/\/tinawhairstyle.de\/index.php?rest_route=\/wp\/v2\/pages\/94\/revisions\/988"}],"wp:attachment":[{"href":"https:\/\/tinawhairstyle.de\/index.php?rest_route=%2Fwp%2Fv2%2Fmedia&parent=94"}],"curies":[{"name":"wp","href":"https:\/\/api.w.org\/{rel}","templated":true}]}}