{"id":86,"date":"2018-03-03T10:10:50","date_gmt":"2018-03-03T10:10:50","guid":{"rendered":"http:\/\/tinawhairstyle.de\/?page_id=86"},"modified":"2019-09-29T07:55:20","modified_gmt":"2019-09-29T07:55:20","slug":"datenschutz","status":"publish","type":"page","link":"https:\/\/tinawhairstyle.de\/?page_id=86","title":{"rendered":"Datenschutz"},"content":{"rendered":"<h2>Die Kontaktdaten des Unternehmens:<\/h2>\n<p>Name: Bettina Tenhaaf<br \/>\nTelefonnummer: +49 2823 9276637<br \/>\nE-Mail Adresse: <a href=\"mailto:mail@tinawhairstyle.de\">mail@tinawhairstyle.de<\/a><br \/>\nUnternehmensbezeichnung: tina w. hairstyle<\/p>\n<h2>Die Kontaktdaten des Datenschutzbeauftragten:<\/h2>\n<p>Name: Pia Tenhaaf<br \/>\nTelefonnummer: +49 2823 8904995<br \/>\nE-Mail Adresse: <a href=\"mailto:mail@pia-services.com\">mail@pia-services.com<\/a><br \/>\nUnternehmensbezeichnung: PIA Services<\/p>\n<h2>Datenschutzerkl\u00e4rung<\/h2>\n<p>Sie erhalten als Nutzer unserer Internetseite in dieser Datenschutzerkl\u00e4rung alle notwendigen Informationen dar\u00fcber, wie, in welchem Umfang sowie zu welchem Zweck wir oder Drittanbieter Daten von Ihnen erheben und diese verwenden. Die Erhebung und Nutzung Ihrer Daten erfolgt streng nach den Vorgaben des Bundesdatenschutzgesetzes (BDSG) und des Telemediengesetzes (TMG). Wir f\u00fchlen uns der Vertraulichkeit Ihrer personenbezogenen Daten besonders verpflichtet und arbeiten deshalb streng innerhalb der Grenzen, die die gesetzlichen Vorgaben uns setzen. Die Erhebung dieser personenbezogenen Daten erfolgt auf freiwilliger Basis, wenn uns das m\u00f6glich ist. Auch geben wir diese Daten nur mit Ihrer ausdr\u00fccklichen Zustimmung an Dritte weiter. Wir sorgen bei besonders vertraulichen Daten wie im Zahlungsverkehr oder im Hinblick auf Ihre Anfragen an uns durch Einsatz einer SSL-Verschl\u00fcsselung f\u00fcr hohe Sicherheit. Wir m\u00f6chten es aber an dieser Stelle nicht vers\u00e4umen, auf die allgemeinen Gefahren der Internetnutzung hinzuweisen, auf die wir keinen Einfluss haben. Besonders im E-Mail-Verkehr sind Ihre Daten ohne weitere Vorkehrungen nicht sicher und k\u00f6nnen unter Umst\u00e4nden von Dritten erfasst werden.<\/p>\n<h2>Auskunft, L\u00f6schung, Sperrung<\/h2>\n<p>Sie erhalten jederzeit unentgeltlich Auskunft \u00fcber die von uns gespeicherten personenbezogenen Daten zu Ihrer Person sowie zur Herkunft, dem Empf\u00e4nger und dem Zweck von Datenerhebung sowie Datenverarbeitung. Au\u00dferdem haben Sie das Recht, die Berichtigung, die Sperrung oder L\u00f6schung Ihrer Daten zu verlangen. Ausgenommen davon sind Daten, die aufgrund gesetzlicher Vorschriften aufbewahrt oder zur ordnungsgem\u00e4\u00dfen Gesch\u00e4ftsabwicklung ben\u00f6tigt werden. Damit eine Datensperre jederzeit realisiert werden kann, werden Daten zu Kontrollzwecken in einer Sperrdatei vorgehalten. Werden Daten nicht von einer gesetzlichen Archivierungspflicht erfasst, l\u00f6schen wir Ihre Daten auf Ihren Wunsch. Greift die Archivierungspflicht, sperren wir Ihre Daten. F\u00fcr alle Fragen und Anliegen zur Berichtigung, Sperrung oder L\u00f6schung von personenbezogenen Daten wenden Sie sich bitte an unseren Datenschutzbeauftragten unter den Kontaktdaten in dieser Datenschutzerkl\u00e4rung bzw. an die im Impressum genannte Adresse.<\/p>\n<h2>Cookies<\/h2>\n<p>Wir verwenden auf unserer Webseite Cookies. Diese kleinen Textdateien werden von unserem Server aus auf Ihrem PC gespeichert. Sie unterst\u00fctzen die Darstellung unserer Webseite und helfen Ihnen, sich auf unserer Webseite zu bewegen. Cookies erfassen Daten zu Ihrer IP-Adresse, zu Ihrem Browser, Ihrem Betriebssystem und Ihrer Internetverbindung. Diese Informationen verbinden wir nicht mit personenbezogenen Daten und geben sie nicht an Dritte weiter. Keinesfalls werden Cookies von uns dazu benutzt, Schad- oder Spionageprogramme auf Ihren Rechner zu bringen. Sie k\u00f6nnen unsere Webseite auch ohne den Einsatz von Cookies nutzen, wodurch m\u00f6glicherweise einige Darstellungen und Funktionen unseres Angebots nur eingeschr\u00e4nkt arbeiten. Wenn Sie die Cookies deaktivieren m\u00f6chten, k\u00f6nnen Sie das \u00fcber spezielle Einstellungen Ihres Browsers erreichen. Nutzen Sie bitte dessen Hilfsfunktion, um die entsprechenden \u00c4nderungen vornehmen zu k\u00f6nnen. Online-Anzeigen-Cookies k\u00f6nnen Sie \u00fcber folgende Links verwalten: <a href=\"http:\/\/www.aboutads.info\/choices\">http:\/\/www.aboutads.info\/choices<\/a> f\u00fcr die USA <a href=\"http:\/\/www.youronlinechoices.com\/uk\/your-ad-choices\">http:\/\/www.youronlinechoices.com\/uk\/your-ad-choices<\/a> f\u00fcr Europa<\/p>\n<h2>Inhalte und Dienste von Drittanbietern<\/h2>\n<p>Das Angebot auf unserer Webseite erfasst unter Umst\u00e4nden auch Inhalte, Dienste und Leistungen von anderen Anbietern, die unser Angebot erg\u00e4nzen. Beispiele f\u00fcr solche Angebote sind Karten von Google-Maps, YouTube-Videos oder Grafikdarstellungen Dritter. Der Aufruf dieser Leistungen von dritter Seite erfordert regelm\u00e4\u00dfig die \u00dcbermittlung Ihrer IP-Adresse. Damit ist es diesen Anbietern m\u00f6glich, Ihre Nutzer-IP-Adresse wahrzunehmen und diese auch zu speichern. Wir bem\u00fchen uns sehr, nur solche Drittanbieter einzubeziehen, die IP-Adressen allein zur Auslieferung der Inhalte nutzen. Wir haben dabei jedoch keinen Einfluss darauf, welcher Drittanbieter gegebenenfalls die IP-Adresse speichert. Diese Speicherung kann zum Beispiel statistischen Zwecken dienen. Sollten wir von Speicherungsvorg\u00e4ngen durch Drittanbieter Kenntnis erlangen, weisen wir unsere Nutzer unverz\u00fcglich auf diese Tatsache hin. Beachten Sie bitte in diesem Zusammenhang auch die speziellen Datenschutzerkl\u00e4rungen zu einzelnen Drittanbietern und Dienstleistern, deren Service wir auf unserer Webseite nutzen. Sie finden Sie ebenfalls in dieser Datenschutzerkl\u00e4rung.<\/p>\n<h2>Personenbezogene Daten<\/h2>\n<p>Personenbezogene Daten erheben wir im Rahmen von Datenvermeidung und Datensparsamkeit nur in dem Ausma\u00df und so lange, wie es zur Nutzung unserer Webseite notwendig ist, beziehungsweise vom Gesetzgeber vorgeschrieben wird. Wir nehmen den Schutz Ihrer pers\u00f6nlichen Daten ernst und halten uns bei Erhebung und Verarbeitung personenbezogener Daten streng an die entsprechenden gesetzlichen Vorschriften und an diese Datenschutzerkl\u00e4rung. F\u00e4llt der Zweck der Datenerhebung weg oder ist das Ende der gesetzlichen Speicherfrist erreicht, werden die erhobenen Daten gesperrt oder gel\u00f6scht. Regelm\u00e4\u00dfig kann unsere Webseite ohne die Weitergabe pers\u00f6nlicher Daten genutzt werden. Wenn wir personenbezogene Daten erheben \u2013 etwa Ihren Namen, Ihre Anschrift oder Ihre E-Mail-Adresse \u2013 erfolgt diese Datenerhebung freiwillig. Ohne eine ausdr\u00fccklich erteilte Zustimmung von Ihrer Seite werden diese Daten Dritten nicht zur Kenntnis gebracht. Beachten Sie bitte, dass Daten im Internet allgemein nicht immer sicher \u00fcbertragen werden. Besonders im E-Mail-Verkehr kann der Schutz beim Datenaustausch nicht garantiert werden.<\/p>\n<h2>Server Logfiles<\/h2>\n<p>Bei den Server Logfiles handelt es sich um anonymisierte Daten, die bei Ihrem Zugriff auf unsere Webseite erfasst werden. Diese Informationen erm\u00f6glichen keine R\u00fcckschl\u00fcsse auf Sie pers\u00f6nlich, sind aber aus technischen Gr\u00fcnden f\u00fcr die Auslieferung und Darstellung unserer Inhalte unverzichtbar. Weiterhin dienen Sie unserer Statistik und der st\u00e4ndigen Optimierung unserer Inhalte. Typische Logfiles sind das Datum und die Zeit des Zugriffs, die Datenmenge, der f\u00fcr den Zugriff benutzte Browser und seine Version, das eingesetzte Betriebssystem, der Domainname des von Ihnen beauftragten Providers, die Seite, von der Sie zu unserem Angebot gekommen sind (Referrer-URL) und Ihre IP-Adresse. Logfiles erm\u00f6glichen au\u00dferdem eine genaue Pr\u00fcfung bei Verdacht auf eine rechtswidrige Nutzung unserer Webseite.<\/p>\n<h2>SSL-Verschl\u00fcsselung<\/h2>\n<p>Unsere Webseite bedient sich einer SSL-Verschl\u00fcsselung, wenn es um die \u00dcbermittlung vertraulicher oder pers\u00f6nlicher Inhalte unserer Nutzer geht. Diese Verschl\u00fcsslung wird zum Beispiel bei der Abwicklung des Zahlungsverkehrs sowie bei Anfragen aktiviert, die Sie an uns \u00fcber unsere Webseite stellen. Achten Sie bitte darauf, dass die SSL-Verschl\u00fcsselung bei entsprechenden Aktivit\u00e4ten von Ihrer Seite her aktiviert ist. Der Einsatz der Verschl\u00fcsselung ist leicht zu erkennen: Die Anzeige in Ihrer Browserzeile wechselt von \u201ehttp:\/\/\u201c zu \u201ehttps:\/\/\u201c. \u00dcber SSL verschl\u00fcsselte Daten sind nicht von Dritten lesbar. \u00dcbermitteln Sie Ihre vertraulichen Informationen nur bei aktivierter SSL-Verschl\u00fcsselung und wenden Sie sich im Zweifel an uns.<\/p>\n<h2>Facebook Plugin<\/h2>\n<p>Sie finden auf unserer Webseite Plugins des sozialen Netzwerks Facebook. Dessen Anbieter ist die Facebook Inc. Sie ist ans\u00e4ssig in den USA, California 94025, 1 Hacker Way, Menlo Park. Das Facebook-Logo oder der &#8222;Like-Button&#8220; (&#8222;Gef\u00e4llt mir&#8220;-Knopf) auf unserer Seite kennzeichnen die Facebook-Plugins f\u00fcr Sie erkennbar. Beachten Sie auch die \u00dcbersicht zu den Facebook-Plugins auf http:\/\/developers.facebook.com\/docs\/plugins\/. Bei Ihrem Besuch auf unserer Webseite stellen wir \u00fcber das Plugin direkt eine Verbindung mit dem Facebook-Server her. Sie sind dann \u00fcber Ihren Browser dorthin geschaltet. F\u00fcr Facebook ist damit die Information verbunden, dass Sie unsere Webseite mit Ihrer IP-Adresse besucht haben. Mit einem Klick auf den Facebook &#8222;Like-Button&#8220; verlinken Sie Inhalte unserer Webseite mit Ihrem Profil auf Facebook. F\u00fcr Facebook wird der Besuch auf unserer Seite Ihrem Benutzerkonto zuordenbar. Dabei haben wir keine Kenntnis dar\u00fcber, welcher Art die Inhalte sind, die an Facebook \u00fcbermittelt werden und wie Facebook diese nutzt. Erhalten Sie n\u00e4here Informationen zur Datenerhebung und Datennutzung in der Facebook-Datenschutzerkl\u00e4rung, die Sie unter http:\/\/de-de.facebook.com\/policy.php finden. Sie k\u00f6nnen die Zuordnung Ihres Besuches auf unserer Seite mit Ihrem Facebook-Profil unterbinden, indem Sie sich einfach vorher aus Ihrem Facebook-Account ausloggen.<\/p>\n<h2>Verwendung von Google Analytics<\/h2>\n<p>Wir nutzen auf unserer Webseite den Webanalysedienst Google Analytics von Google Inc. Dieser setzt Cookies ein. Dabei handelt es sich um Textdateien, die durch Speicherung auf Ihrem PC eine Analyse zu Ihrem Nutzerverhalten in Bezug auf unsere Webseite erlauben. Die Cookies erzeugen Informationen, die an einen Google-Server \u00fcbertragen werden. Diese Server befinden sich in der Regel in den USA, folgen aber Abkommen zur Nutzung des europ\u00e4ischen Wirtschaftsraumes und k\u00fcrzen Ihre IP-Adresse vor \u00dcbermittlung in die Vereinigten Staaten. Nur in Ausnahmef\u00e4llen wird die IP-Adresse erst nach \u00dcbermittlung in die USA gek\u00fcrzt. Google wertet die \u00fcbermittelten Informationen aus und erbringt in diesem Kontext weitere Dienstleistungen f\u00fcr uns Webseitenbetreiber. Dabei wird die ermittelte IP-Adresse nicht mit anderen Google-Services zusammengef\u00fchrt. \u00dcber eine \u00c4nderung Ihrer Browsereinstellungen k\u00f6nnen Sie die Speicherung von Cookies auf Ihrem Rechner unterbinden. Damit k\u00f6nnen allerdings Darstellungs- und Funktionseinschr\u00e4nkungen bei der Nutzung unserer Webseite verbunden sein. Ein Browser-Plugin verhindert dar\u00fcber hinaus die Erfassung sowie Nutzung der durch die Cookies erzeugten Daten. Sie k\u00f6nnen es unter folgendem Link herunterladen: https:\/\/tools.google.com\/dlpage\/gaoptout?hl=de Erfahren Sie mehr zu den Datenschutzbedingungen von Google und Google Analytics unter: <a href=\"http:\/\/www.google.com\/analytics\/terms\/de.html\">http:\/\/www.google.com\/analytics\/terms\/de.html<\/a> oder unter <a href=\"https:\/\/www.google.de\/intl\/de\/policies\/\">https:\/\/www.google.de\/intl\/de\/policies\/<\/a>.<\/p>\n<h2>Google Maps Plugin<\/h2>\n<p>Wir setzen auf unserer Webseite ein Plugin des Internetdienstes Google Maps ein. Betreiber von Google Maps ist Google Inc., ans\u00e4ssig in den USA, CA 94043, 1600 Amphitheatre Parkway, Mountain View. Indem Sie Google Maps auf unserer Webseite nutzen, werden Informationen \u00fcber die Nutzung dieser Webseite und Ihre IP-Adresse an einen Google-Server in den USA \u00fcbermittelt und auch auf diesem Server gespeichert. Wir haben keine Kenntnis \u00fcber den genauen Inhalt der \u00fcbermittelten Daten, noch \u00fcber ihre Nutzung durch Google. Das Unternehmen verneint in diesem Kontext die Verbindung der Daten mit Informationen aus anderen Google-Diensten und die Erfassung personenbezogener Daten. Allerdings kann Google die Informationen an Dritte \u00fcbermitteln. Wenn Sie Javascript in Ihrem Browser deaktivieren, verhindern Sie die Ausf\u00fchrung von Google Maps. Sie k\u00f6nnen dann aber auch keine Kartenanzeige auf unserer Webseite nutzen. Mit der Nutzung unserer Webseite erkl\u00e4ren Sie Ihr Einverst\u00e4ndnis mit der beschriebenen Erfassung und Verarbeitung der Informationen durch Google Inc.. N\u00e4heres zu den Datenschutzbestimmungen und Nutzungsbedingungen f\u00fcr Google Maps erfahren Sie hier: <a href=\"https:\/\/www.google.com\/intl\/de_de\/help\/terms_maps.html\">https:\/\/www.google.com\/intl\/de_de\/help\/terms_maps.html<\/a>.<\/p>\n<p><span style=\"color: #999999;\"><span style=\"font-size: 8pt;\">Diese Datenschutzerkl\u00e4rung wurde erstellt durch <\/span><a style=\"color: #999999;\" href=\"https:\/\/www.datenschutzexperte.de\/\"><span style=\"font-size: 8pt;\">www.datenschutzexperte.de<\/span><\/a><\/span><\/p>\n","protected":false},"excerpt":{"rendered":"<p>Die Kontaktdaten des Unternehmens: Name: Bettina Tenhaaf Telefonnummer: +49 2823 9276637 E-Mail Adresse: mail@tinawhairstyle.de Unternehmensbezeichnung: tina w. hairstyle Die Kontaktdaten des Datenschutzbeauftragten: Name: Pia Tenhaaf Telefonnummer: +49 2823 8904995 E-Mail Adresse: mail@pia-services.com Unternehmensbezeichnung: PIA Services Datenschutzerkl\u00e4rung Sie erhalten als Nutzer unserer Internetseite in dieser Datenschutzerkl\u00e4rung alle notwendigen Informationen dar\u00fcber, wie, in welchem Umfang sowie zu [&hellip;]<\/p>\n","protected":false},"author":1,"featured_media":0,"parent":0,"menu_order":0,"comment_status":"closed","ping_status":"closed","template":"","meta":{"_et_pb_use_builder":"","_et_pb_old_content":"","_et_gb_content_width":"","_FSMCFIC_featured_image_caption":"","_FSMCFIC_featured_image_nocaption":"1","_FSMCFIC_featured_image_hide":null,"footnotes":""},"class_list":["post-86","page","type-page","status-publish","hentry"],"_links":{"self":[{"href":"https:\/\/tinawhairstyle.de\/index.php?rest_route=\/wp\/v2\/pages\/86","targetHints":{"allow":["GET"]}}],"collection":[{"href":"https:\/\/tinawhairstyle.de\/index.php?rest_route=\/wp\/v2\/pages"}],"about":[{"href":"https:\/\/tinawhairstyle.de\/index.php?rest_route=\/wp\/v2\/types\/page"}],"author":[{"embeddable":true,"href":"https:\/\/tinawhairstyle.de\/index.php?rest_route=\/wp\/v2\/users\/1"}],"replies":[{"embeddable":true,"href":"https:\/\/tinawhairstyle.de\/index.php?rest_route=%2Fwp%2Fv2%2Fcomments&post=86"}],"version-history":[{"count":0,"href":"https:\/\/tinawhairstyle.de\/index.php?rest_route=\/wp\/v2\/pages\/86\/revisions"}],"wp:attachment":[{"href":"https:\/\/tinawhairstyle.de\/index.php?rest_route=%2Fwp%2Fv2%2Fmedia&parent=86"}],"curies":[{"name":"wp","href":"https:\/\/api.w.org\/{rel}","templated":true}]}}