{"id":659,"date":"2021-03-09T04:42:49","date_gmt":"2021-03-09T04:42:49","guid":{"rendered":"http:\/\/tinawhairstyle.de\/?page_id=659"},"modified":"2024-10-11T15:37:03","modified_gmt":"2024-10-11T15:37:03","slug":"wlan","status":"publish","type":"page","link":"https:\/\/tinawhairstyle.de\/?page_id=659","title":{"rendered":"G\u00e4ste-WLAN"},"content":{"rendered":"<p>[et_pb_section fb_built=&#8220;1&#8243; _builder_version=&#8220;4.27.2&#8243; global_colors_info=&#8220;{}&#8220;][et_pb_row _builder_version=&#8220;4.16&#8243; background_size=&#8220;initial&#8220; background_position=&#8220;top_left&#8220; background_repeat=&#8220;repeat&#8220; custom_padding=&#8220;0px|||||&#8220; global_colors_info=&#8220;{}&#8220;][et_pb_column type=&#8220;4_4&#8243; _builder_version=&#8220;4.16&#8243; custom_padding=&#8220;|||&#8220; global_colors_info=&#8220;{}&#8220; custom_padding__hover=&#8220;|||&#8220;][et_pb_text _builder_version=&#8220;4.27.2&#8243; background_size=&#8220;initial&#8220; background_position=&#8220;top_left&#8220; background_repeat=&#8220;repeat&#8220; global_colors_info=&#8220;{}&#8220;]<\/p>\n<p><!-- divi:tadv\/classic-paragraph --><\/p>\n<h1>Nutzungsbedingungen G\u00e4ste-WLAN im Salon tina w. hairstyle<\/h1>\n<p>&nbsp;<\/p>\n<h3>1. Gegenstand und Geltungsbereich dieser Nutzungsbedingungen<\/h3>\n<p>Diese Nutzungsbedingungen regeln Ihre und unsere Rechte und Pflichten im Zusammenhang mit der Nutzung unseres G\u00e4ste-WLAN-Zugangs.<\/p>\n<h3>2. Unsere Leistungen<\/h3>\n<p>(1) Wir stellen Ihnen in unseren Gesch\u00e4ftsr\u00e4umen einen Zugang zum Internet in Form eines WLAN-Zugangs (\u201eHotspot\u201c) zur kostenlosen Nutzung zur Verf\u00fcgung.<\/p>\n<p>(2) Die Bereitstellung des Hotspots richtet sich nach unseren jeweiligen technischen und betrieblichen M\u00f6glichkeiten. Ein Anspruch auf einen funktionsf\u00e4higen Hotspot oder eine bestimmte \u00f6rtliche Abdeckung des Hotspots besteht nicht.<\/p>\n<p>(3) Wir gew\u00e4hrleisten ferner nicht, dass der Hotspot st\u00f6rungs- und unterbrechungsfrei genutzt werden kann. Auch k\u00f6nnen wir keine \u00dcbertragungsgeschwindigkeiten gew\u00e4hrleisten.<\/p>\n<p>(4) Wir behalten uns das Recht vor, den Zugang zum Hotspot im Falle notwendiger technischer Reparatur- und Wartungsarbeiten ohne vorherige Ank\u00fcndigung zu \u00e4ndern, zu beschr\u00e4nken oder einzustellen.<\/p>\n<p>(5) Es besteht kein Anspruch darauf, dass bestimmte Dienste \u00fcber den Hotspot genutzt werden k\u00f6nnen. So k\u00f6nnen insbesondere Port-Sperrungen vorgenommen werden. In der Regel wird das Surfen im Internet und das Senden und Empfangen von E-Mails erm\u00f6glicht.<\/p>\n<h3>3. Zugang und Nutzung<\/h3>\n<p>(1) Wir bieten unser G\u00e4ste-WLAN nur f\u00fcr Besucher unseres Unternehmens an. Es handelt sich nicht um einen \u00f6ffentlich zug\u00e4nglichen Telekommunikationsdienst, sondern um ein internes WLAN f\u00fcr G\u00e4ste unseres Unternehmens.<\/p>\n<p>(2) Voraussetzung f\u00fcr eine Nutzung ist, dass Sie sich zuvor f\u00fcr die Nutzung des Hotspots registrieren und\/oder die Geltung dieser Nutzungsbedingungen zu Beginn der Nutzung des Hotspots akzeptieren. Dies kann bei Auswahl des Hotspots als WLAN-Netz im Endger\u00e4t in der Regel \u00fcber ein dann abrufbares Registrierungsformular oder eine Begr\u00fc\u00dfungsseite erfolgen.<\/p>\n<p>(3) Es besteht kein Anspruch auf Nutzung des Hotspots. Uns steht es frei, den Zugang zum Hotspot jederzeit ohne Angabe von Gr\u00fcnden einzuschr\u00e4nken oder einzustellen.<\/p>\n<p>(4) Es gilt die jeweils aktuelle Fassung dieser Nutzungsbedingungen, die Ihnen bei der Anmeldung zum Hotspot abrufbar gemacht wird.<\/p>\n<h3>4. Zugangsdaten<\/h3>\n<p>(1) Sofern Sie im Zuge einer Registrierung Anmelde-Daten (wie z.B. Benutzername, Passwort, E-Mail etc.) angegeben haben, sind diese von Ihnen geheim zu halten und unbefugten Dritten nicht zug\u00e4nglich zu machen.<\/p>\n<p>(2) Sollten Sie Registrierungsdaten erhalten haben, haben Sie sicher zu stellen, dass der Zugang zu und die Nutzung des Hotspots mit Ihren Benutzerdaten ausschlie\u00dflich durch Sie als Nutzer erfolgt. Sofern Tatsachen vorliegen, die die Annahme begr\u00fcnden, dass unbefugte Dritte von Ihren Zugangsdaten Kenntnis erlangt haben oder erlangen werden, m\u00fcssen Sie uns unverz\u00fcglich informieren.<\/p>\n<p>(3) Sie haften als Nutzer f\u00fcr jedwede Nutzung und\/oder sonstige Aktivit\u00e4t, die unter Ihren Zugangsdaten ausgef\u00fchrt wird, nach den gesetzlichen Bestimmungen.<\/p>\n<h3>5. Ihre Pflichten als Nutzer<\/h3>\n<p>(1) Sie sind verpflichtet, etwaige Informationen, die im Rahmen der Nutzung des Dienstes von Ihnen zu ihrer Person angegeben werden, wahrheitsgem\u00e4\u00df zu machen.<\/p>\n<p>(2) Sie sind verpflichtet, bei der Nutzung unseres Hotspots die geltenden Gesetze einzuhalten.<\/p>\n<p>(3) Weitere Pflichten, die sich aus anderen Bestimmungen dieser Nutzungsbedingungen ergeben, bleiben unber\u00fchrt.<\/p>\n<h3>6. Preise<\/h3>\n<p>Der Dienst wird kostenlos erbracht.<\/p>\n<h3>7. Verf\u00fcgbarkeit der Leistungen<\/h3>\n<p>Da unsere Leistungen unentgeltlich erbracht werden, haben Sie keinen Anspruch auf Nutzung des Hotspots. Wir bem\u00fchen uns jedoch um eine m\u00f6glichst unterbrechungsfreie Nutzbarkeit des Hotspots.<\/p>\n<h3>8. Verbotene Handlungen<\/h3>\n<p>Ihnen sind als Nutzer jegliche Handlungen bei der Nutzung des Hotspots untersagt, die gegen geltendes Recht versto\u00dfen, Rechte Dritter verletzen oder gegen die Grunds\u00e4tze des Jugendschutzes versto\u00dfen. Insbesondere sind folgende Handlungen untersagt:<\/p>\n<ul>\n<li>das Einstellen, die Verbreitung, das Angebot und die Bewerbung pornografischer, gegen Jugendschutzgesetze, gegen Datenschutzrecht und\/oder gegen sonstiges Recht versto\u00dfender und\/oder betr\u00fcgerischer Inhalte, Dienste und\/oder Produkte;<\/li>\n<li>die Ver\u00f6ffentlichung oder Zug\u00e4nglichmachung von Inhalten, durch die andere Teilnehmer oder Dritte beleidigt oder verleumdet werden;<\/li>\n<li>die Nutzung, das Bereitstellen und das Verbreiten von Inhalten, Diensten und\/oder Produkten, die gesetzlich gesch\u00fctzt oder mit Rechten Dritter (z.B. Urheberrechte) belastet sind, ohne hierzu ausdr\u00fccklich berechtigt zu sein;<\/li>\n<li>die \u00f6ffentliche Zug\u00e4nglichmachung von urheberrechtlich gesch\u00fctzten Werken oder sonstige urheberrechtswidrige Handlungen, insbesondere bei der Nutzung von sog. \u201eInternet-Tauschb\u00f6rsen\u201c oder File-Sharing-Diensten.<\/li>\n<\/ul>\n<p>Des Weiteren sind auch unabh\u00e4ngig von einem eventuellen Gesetzesversto\u00df bei der Einstellung eigener Inhalte auf der Internetseite des Diensteanbieters sowie bei der Kommunikation mit anderen Nutzern (z.B. durch Versendung pers\u00f6nlicher Mitteilungen, durch die Teilnahme an Diskussionsforen etc.) die folgenden Aktivit\u00e4ten untersagt:<\/p>\n<ul>\n<li>die \u00dcbertragung \u00fcberdurchschnittlich gro\u00dfer Datenmengen und insbesondere die anhaltende \u00dcbertragung solcher Datenmengen;<\/li>\n<li>das Hosting eines Web-Servers oder anderer Server durch Nutzung eines Hotspots des Diensteanbieters;<\/li>\n<li>die \u00c4nderung der vorgegebenen DNS-Server in den Netzwerkeinstellungen des Hotspots des Diensteanbieters;<\/li>\n<li>die Versendung von Junk- oder Spam-Mails sowie von Kettenbriefen;<\/li>\n<li>die Verbreitung von Viren, Trojanern und anderen sch\u00e4dlichen Dateien;<\/li>\n<li>die Verbreitung anz\u00fcglicher, anst\u00f6\u00dfiger, sexuell gepr\u00e4gter, obsz\u00f6ner oder diffamierender Inhalte bzw. Kommunikation sowie solcher Inhalte bzw. Kommunikation die geeignet sind\/ist, Rassismus, Fanatismus, Hass, k\u00f6rperliche Gewalt oder rechtswidrige Handlungen zu f\u00f6rdern bzw. zu unterst\u00fctzen (jeweils explizit oder implizit);<\/li>\n<li>die Aufforderung anderer Nutzer oder Dritter zur Preisgabe von Kennw\u00f6rtern oder personenbezogener Daten f\u00fcr kommerzielle oder rechts- bzw. gesetzeswidrige Zwecke.<\/li>\n<\/ul>\n<p>Ebenfalls untersagt ist jede Handlung, die geeignet ist, den reibungslosen Betrieb unseres Hotspots zu beeintr\u00e4chtigen, insbesondere unsere Systeme unverh\u00e4ltnism\u00e4\u00dfig hoch zu belasten.<\/p>\n<h3>9. Sperrung von Zug\u00e4ngen<\/h3>\n<p>Wir k\u00f6nnen Ihren Zugang zum Hotspot jederzeit vor\u00fcbergehend oder dauerhaft sperren, wenn konkrete Anhaltspunkte vorliegen, dass Sie gegen diese Nutzungsbedingungen und\/oder geltendes Recht versto\u00dfen, versto\u00dfen haben oder wenn wir ein sonstiges berechtigtes Interesse an der Sperrung haben.<\/p>\n<h3>10. Haftungsfreistellung<\/h3>\n<p>(1) Sie sind als Nutzer f\u00fcr alle Handlungen, die Sie im Zusammenhang mit der Nutzung des Internets \u00fcber unseren Hotspot vornehmen, selbst verantwortlich.<\/p>\n<p>(2) Sie stellen uns von s\u00e4mtlichen Forderungen, die Dritte gegen uns wegen eines Versto\u00dfes des Nutzers gegen gesetzliche Vorschriften, gegen Rechte Dritter (insbesondere Pers\u00f6nlichkeits-, Urheber- und Markenrechte) oder gegen vertragliche Pflichten, Zusicherungen oder Garantien geltend machen, einschlie\u00dflich der Kosten der notwendigen Rechtsverteidigung (Rechtsanwalts- und Gerichtskosten in gesetzlicher H\u00f6he) auf erstes Anfordern frei.<\/p>\n<p>(3) Sie sind verpflichtet, im Falle der Geltendmachung von Anspr\u00fcchen im Sinne von Ziff. 10 Absatz 2 unverz\u00fcglich und vollst\u00e4ndig bei der Sachverhaltsaufkl\u00e4rung mitzuwirken und uns die hierzu erforderlichen Angaben in geeigneter Weise zug\u00e4nglich zu machen.<\/p>\n<h3>11. Haftungsbeschr\u00e4nkung<\/h3>\n<p>(1) Wir haften bei Vorsatz oder grober Fahrl\u00e4ssigkeit f\u00fcr alle von uns verursachten Sch\u00e4den unbeschr\u00e4nkt.<\/p>\n<p>(2) Bei leichter Fahrl\u00e4ssigkeit haften wir im Fall der Verletzung des Lebens, des K\u00f6rpers oder der Gesundheit unbeschr\u00e4nkt.<\/p>\n<p>(3) Im \u00dcbrigen haften wir nur, soweit wir eine wesentliche Vertragspflicht verletzt haben. Als wesentliche Vertragspflichten werden dabei abstrakt solche Pflichten bezeichnet, deren Erf\u00fcllung die ordnungsgem\u00e4\u00dfe Durchf\u00fchrung des Vertrages \u00fcberhaupt erst erm\u00f6glicht und auf deren Einhaltung der Nutzer regelm\u00e4\u00dfig vertrauen darf. In diesen F\u00e4llen ist die Haftung auf den Ersatz des vorhersehbaren, typischerweise eintretenden Schadens beschr\u00e4nkt.<\/p>\n<p>(4) Soweit unsere Haftung nach den vorgenannten Vorschriften ausgeschlossen oder beschr\u00e4nkt wird, gilt dies auch f\u00fcr unsere Erf\u00fcllungsgehilfen.<\/p>\n<p>(5) Die Haftung nach dem Produkthaftungsgesetz bleibt unber\u00fchrt.<\/p>\n<h3>12. Datenschutz<\/h3>\n<p>(1) Wir tragen Sorge daf\u00fcr, dass Ihre personenbezogenen Daten nur erhoben, gespeichert und verarbeitet werden, soweit dies zur vertragsgem\u00e4\u00dfen Leistungserbringung erforderlich und durch gesetzliche Vorschriften erlaubt, oder vom Gesetzgeber angeordnet ist.<\/p>\n<p>(2) F\u00fcr den Fall, dass im Rahmen der Nutzung unserer Leistungen datenschutzrechtliche Einwilligungserkl\u00e4rungen von Ihnen eingeholt werden, wird darauf hingewiesen, dass Sie diese jederzeit mit Wirkung f\u00fcr die Zukunft widerrufen k\u00f6nnen.<\/p>\n<p>(3) Um die Leistungen des Hotspots f\u00fcr Sie zu erbringen, ist die Verwendung von personenbezogenen Daten Ihres Endger\u00e4tes erforderlich. In dem Zusammenhang werden ggf. auch die MAC-Adressen von Endger\u00e4ten tempor\u00e4r gespeichert. Ferner werden wir ggf. Protokolldaten (\u201eLogfiles\u201c) \u00fcber Art und Umfang der Nutzung der Dienstleistungen f\u00fcr 7 Tage speichern. Diese Daten k\u00f6nnen nicht unmittelbar Ihrer Person zugeordnet werden.<\/p>\n<h3>13. Schlussbestimmungen<\/h3>\n<p>(1) Es gilt das Recht der Bundesrepublik Deutschland, wobei die Geltung des UN-Kaufrechts ausgeschlossen wird.<\/p>\n<p>(2) Wenn Sie Kaufmann, juristische Person des \u00f6ffentlichen Rechts oder \u00f6ffentlich-rechtliches Sonderverm\u00f6gen sind, so ist unser Sitz ausschlie\u00dflicher Gerichtsstand f\u00fcr alle Streitigkeiten aus dem Vertragsverh\u00e4ltnis.<\/p>\n<p>(3) Sollten einzelne Bestimmungen dieser Nutzungsbedingungen unwirksam sein oder werden, so ber\u00fchrt dies die Wirksamkeit der \u00fcbrigen Bestimmungen nicht.<\/p>\n<p><!-- \/divi:tadv\/classic-paragraph --><\/p>\n<p>[\/et_pb_text][\/et_pb_column][\/et_pb_row][\/et_pb_section]<\/p>\n","protected":false},"excerpt":{"rendered":"<p>Nutzungsbedingungen G\u00e4ste-WLAN im Salon tina w. hairstyle &nbsp; 1. Gegenstand und Geltungsbereich dieser Nutzungsbedingungen Diese Nutzungsbedingungen regeln Ihre und unsere Rechte und Pflichten im Zusammenhang mit der Nutzung unseres G\u00e4ste-WLAN-Zugangs. 2. Unsere Leistungen (1) Wir stellen Ihnen in unseren Gesch\u00e4ftsr\u00e4umen einen Zugang zum Internet in Form eines WLAN-Zugangs (\u201eHotspot\u201c) zur kostenlosen Nutzung zur Verf\u00fcgung. (2) [&hellip;]<\/p>\n","protected":false},"author":1,"featured_media":0,"parent":0,"menu_order":0,"comment_status":"closed","ping_status":"closed","template":"","meta":{"_et_pb_use_builder":"on","_et_pb_old_content":"<!-- wp:tadv\/classic-paragraph -->\n<blockquote>\n<h2>\u00a0<\/h2>\n<h2><a href=\"http:\/\/tinawhairstyle.de\/wp-content\/uploads\/2018\/03\/Aufsteller-WLAN.png\"><img class=\"size-medium wp-image-240 alignleft\" src=\"http:\/\/tinawhairstyle.de\/wp-content\/uploads\/2018\/03\/Aufsteller-WLAN-300x295.png\" alt=\"\" width=\"300\" height=\"295\" \/><\/a>Sie stimmen vor der Nutzung unseres Hotspots einer Nutzungsbedingung in Kurzform zu. Nachfolgend stellen wir Ihnen die ausf\u00fchrlichen Nutzungsbedingungen unseres Hotspots zur Verf\u00fcgung. Der Link auf diese Seite wird Ihnen in der Kurzform der Nutzungsbedingungen zur Verf\u00fcgung gestellt.<\/h2>\n<h2><span style=\"font-size: 1.25rem;\">Nutzungsbedingungen G\u00e4ste-WLAN<\/span><\/h2>\n<\/blockquote>\n<h3>1. Gegenstand und Geltungsbereich dieser Nutzungsbedingungen<\/h3>\n<p>Diese Nutzungsbedingungen regeln Ihre und unsere Rechte und Pflichten im Zusammenhang mit der Nutzung unseres G\u00e4ste-WLAN-Zugangs.<\/p>\n<h3>2. Unsere Leistungen<\/h3>\n<p>(1) Wir stellen Ihnen in unseren Gesch\u00e4ftsr\u00e4umen einen Zugang zum Internet in Form eines WLAN-Zugangs (\u201eHotspot\u201c) zur kostenlosen Nutzung zur Verf\u00fcgung.<\/p>\n<p>(2) Die Bereitstellung des Hotspots richtet sich nach unseren jeweiligen technischen und betrieblichen M\u00f6glichkeiten. Ein Anspruch auf einen funktionsf\u00e4higen Hotspot oder eine bestimmte \u00f6rtliche Abdeckung des Hotspots besteht nicht.<\/p>\n<p>(3) Wir gew\u00e4hrleisten ferner nicht, dass der Hotspot st\u00f6rungs- und unterbrechungsfrei genutzt werden kann. Auch k\u00f6nnen wir keine \u00dcbertragungsgeschwindigkeiten gew\u00e4hrleisten.<\/p>\n<p>(4) Wir behalten uns das Recht vor, den Zugang zum Hotspot im Falle notwendiger technischer Reparatur- und Wartungsarbeiten ohne vorherige Ank\u00fcndigung zu \u00e4ndern, zu beschr\u00e4nken oder einzustellen.<\/p>\n<p>(5) Es besteht kein Anspruch darauf, dass bestimmte Dienste \u00fcber den Hotspot genutzt werden k\u00f6nnen. So k\u00f6nnen insbesondere Port-Sperrungen vorgenommen werden. In der Regel wird das Surfen im Internet und das Senden und Empfangen von E-Mails erm\u00f6glicht.<\/p>\n<h3>3. Zugang und Nutzung<\/h3>\n<p>(1) Wir bieten unser G\u00e4ste-WLAN nur f\u00fcr Besucher unseres Unternehmens an. Es handelt sich nicht um einen \u00f6ffentlich zug\u00e4nglichen Telekommunikationsdienst, sondern um ein internes WLAN f\u00fcr G\u00e4ste unseres Unternehmens.<\/p>\n<p>(2) Voraussetzung f\u00fcr eine Nutzung ist, dass Sie sich zuvor f\u00fcr die Nutzung des Hotspots registrieren und\/oder die Geltung dieser Nutzungsbedingungen zu Beginn der Nutzung des Hotspots akzeptieren. Dies kann bei Auswahl des Hotspots als WLAN-Netz im Endger\u00e4t in der Regel \u00fcber ein dann abrufbares Registrierungsformular oder eine Begr\u00fc\u00dfungsseite erfolgen.<\/p>\n<p>(3) Es besteht kein Anspruch auf Nutzung des Hotspots. Uns steht es frei, den Zugang zum Hotspot jederzeit ohne Angabe von Gr\u00fcnden einzuschr\u00e4nken oder einzustellen.<\/p>\n<p>(4) Es gilt die jeweils aktuelle Fassung dieser Nutzungsbedingungen, die Ihnen bei der Anmeldung zum Hotspot abrufbar gemacht wird.<\/p>\n<h3>4. Zugangsdaten<\/h3>\n<p>(1) Sofern Sie im Zuge einer Registrierung Anmelde-Daten (wie z.B. Benutzername, Passwort, E-Mail etc.) angegeben haben, sind diese von Ihnen geheim zu halten und unbefugten Dritten nicht zug\u00e4nglich zu machen.<\/p>\n<p>(2) Sollten Sie Registrierungsdaten erhalten haben, haben Sie sicher zu stellen, dass der Zugang zu und die Nutzung des Hotspots mit Ihren Benutzerdaten ausschlie\u00dflich durch Sie als Nutzer erfolgt. Sofern Tatsachen vorliegen, die die Annahme begr\u00fcnden, dass unbefugte Dritte von Ihren Zugangsdaten Kenntnis erlangt haben oder erlangen werden, m\u00fcssen Sie uns unverz\u00fcglich informieren.<\/p>\n<p>(3) Sie haften als Nutzer f\u00fcr jedwede Nutzung und\/oder sonstige Aktivit\u00e4t, die unter Ihren Zugangsdaten ausgef\u00fchrt wird, nach den gesetzlichen Bestimmungen.<\/p>\n<h3>5. Ihre Pflichten als Nutzer<\/h3>\n<p>(1) Sie sind verpflichtet, etwaige Informationen, die im Rahmen der Nutzung des Dienstes von Ihnen zu ihrer Person angegeben werden, wahrheitsgem\u00e4\u00df zu machen.<\/p>\n<p>(2) Sie sind verpflichtet, bei der Nutzung unseres Hotspots die geltenden Gesetze einzuhalten.<\/p>\n<p>(3) Weitere Pflichten, die sich aus anderen Bestimmungen dieser Nutzungsbedingungen ergeben, bleiben unber\u00fchrt.<\/p>\n<h3>6. Preise<\/h3>\n<p>Der Dienst wird kostenlos erbracht.<\/p>\n<h3>7. Verf\u00fcgbarkeit der Leistungen<\/h3>\n<p>Da unsere Leistungen unentgeltlich erbracht werden, haben Sie keinen Anspruch auf Nutzung des Hotspots. Wir bem\u00fchen uns jedoch um eine m\u00f6glichst unterbrechungsfreie Nutzbarkeit des Hotspots.<\/p>\n<h3>8. Verbotene Handlungen<\/h3>\n<p>Ihnen sind als Nutzer jegliche Handlungen bei der Nutzung des Hotspots untersagt, die gegen geltendes Recht versto\u00dfen, Rechte Dritter verletzen oder gegen die Grunds\u00e4tze des Jugendschutzes versto\u00dfen. Insbesondere sind folgende Handlungen untersagt:<\/p>\n<ul>\n<li>das Einstellen, die Verbreitung, das Angebot und die Bewerbung pornografischer, gegen Jugendschutzgesetze, gegen Datenschutzrecht und\/oder gegen sonstiges Recht versto\u00dfender und\/oder betr\u00fcgerischer Inhalte, Dienste und\/oder Produkte;<\/li>\n<li>die Ver\u00f6ffentlichung oder Zug\u00e4nglichmachung von Inhalten, durch die andere Teilnehmer oder Dritte beleidigt oder verleumdet werden;<\/li>\n<li>die Nutzung, das Bereitstellen und das Verbreiten von Inhalten, Diensten und\/oder Produkten, die gesetzlich gesch\u00fctzt oder mit Rechten Dritter (z.B. Urheberrechte) belastet sind, ohne hierzu ausdr\u00fccklich berechtigt zu sein;<\/li>\n<li>die \u00f6ffentliche Zug\u00e4nglichmachung von urheberrechtlich gesch\u00fctzten Werken oder sonstige urheberrechtswidrige Handlungen, insbesondere bei der Nutzung von sog. \u201eInternet-Tauschb\u00f6rsen\u201c oder File-Sharing-Diensten.<\/li>\n<\/ul>\n<p>Des Weiteren sind auch unabh\u00e4ngig von einem eventuellen Gesetzesversto\u00df bei der Einstellung eigener Inhalte auf der Internetseite des Diensteanbieters sowie bei der Kommunikation mit anderen Nutzern (z.B. durch Versendung pers\u00f6nlicher Mitteilungen, durch die Teilnahme an Diskussionsforen etc.) die folgenden Aktivit\u00e4ten untersagt:<\/p>\n<ul>\n<li>die \u00dcbertragung \u00fcberdurchschnittlich gro\u00dfer Datenmengen und insbesondere die anhaltende \u00dcbertragung solcher Datenmengen;<\/li>\n<li>das Hosting eines Web-Servers oder anderer Server durch Nutzung eines Hotspots des Diensteanbieters;<\/li>\n<li>die \u00c4nderung der vorgegebenen DNS-Server in den Netzwerkeinstellungen des Hotspots des Diensteanbieters;<\/li>\n<li>die Versendung von Junk- oder Spam-Mails sowie von Kettenbriefen;<\/li>\n<li>die Verbreitung von Viren, Trojanern und anderen sch\u00e4dlichen Dateien;<\/li>\n<li>die Verbreitung anz\u00fcglicher, anst\u00f6\u00dfiger, sexuell gepr\u00e4gter, obsz\u00f6ner oder diffamierender Inhalte bzw. Kommunikation sowie solcher Inhalte bzw. Kommunikation die geeignet sind\/ist, Rassismus, Fanatismus, Hass, k\u00f6rperliche Gewalt oder rechtswidrige Handlungen zu f\u00f6rdern bzw. zu unterst\u00fctzen (jeweils explizit oder implizit);<\/li>\n<li>die Aufforderung anderer Nutzer oder Dritter zur Preisgabe von Kennw\u00f6rtern oder personenbezogener Daten f\u00fcr kommerzielle oder rechts- bzw. gesetzeswidrige Zwecke.<\/li>\n<\/ul>\n<p>Ebenfalls untersagt ist jede Handlung, die geeignet ist, den reibungslosen Betrieb unseres Hotspots zu beeintr\u00e4chtigen, insbesondere unsere Systeme unverh\u00e4ltnism\u00e4\u00dfig hoch zu belasten.<\/p>\n<h3>9. Sperrung von Zug\u00e4ngen<\/h3>\n<p>Wir k\u00f6nnen Ihren Zugang zum Hotspot jederzeit vor\u00fcbergehend oder dauerhaft sperren, wenn konkrete Anhaltspunkte vorliegen, dass Sie gegen diese Nutzungsbedingungen und\/oder geltendes Recht versto\u00dfen, versto\u00dfen haben oder wenn wir ein sonstiges berechtigtes Interesse an der Sperrung haben.<\/p>\n<h3>10. Haftungsfreistellung<\/h3>\n<p>(1) Sie sind als Nutzer f\u00fcr alle Handlungen, die Sie im Zusammenhang mit der Nutzung des Internets \u00fcber unseren Hotspot vornehmen, selbst verantwortlich.<\/p>\n<p>(2) Sie stellen uns von s\u00e4mtlichen Forderungen, die Dritte gegen uns wegen eines Versto\u00dfes des Nutzers gegen gesetzliche Vorschriften, gegen Rechte Dritter (insbesondere Pers\u00f6nlichkeits-, Urheber- und Markenrechte) oder gegen vertragliche Pflichten, Zusicherungen oder Garantien geltend machen, einschlie\u00dflich der Kosten der notwendigen Rechtsverteidigung (Rechtsanwalts- und Gerichtskosten in gesetzlicher H\u00f6he) auf erstes Anfordern frei.<\/p>\n<p>(3) Sie sind verpflichtet, im Falle der Geltendmachung von Anspr\u00fcchen im Sinne von Ziff. 10 Absatz 2 unverz\u00fcglich und vollst\u00e4ndig bei der Sachverhaltsaufkl\u00e4rung mitzuwirken und uns die hierzu erforderlichen Angaben in geeigneter Weise zug\u00e4nglich zu machen.<\/p>\n<h3>11. Haftungsbeschr\u00e4nkung<\/h3>\n<p>(1) Wir haften bei Vorsatz oder grober Fahrl\u00e4ssigkeit f\u00fcr alle von uns verursachten Sch\u00e4den unbeschr\u00e4nkt.<\/p>\n<p>(2) Bei leichter Fahrl\u00e4ssigkeit haften wir im Fall der Verletzung des Lebens, des K\u00f6rpers oder der Gesundheit unbeschr\u00e4nkt.<\/p>\n<p>(3) Im \u00dcbrigen haften wir nur, soweit wir eine wesentliche Vertragspflicht verletzt haben. Als wesentliche Vertragspflichten werden dabei abstrakt solche Pflichten bezeichnet, deren Erf\u00fcllung die ordnungsgem\u00e4\u00dfe Durchf\u00fchrung des Vertrages \u00fcberhaupt erst erm\u00f6glicht und auf deren Einhaltung der Nutzer regelm\u00e4\u00dfig vertrauen darf. In diesen F\u00e4llen ist die Haftung auf den Ersatz des vorhersehbaren, typischerweise eintretenden Schadens beschr\u00e4nkt.<\/p>\n<p>(4) Soweit unsere Haftung nach den vorgenannten Vorschriften ausgeschlossen oder beschr\u00e4nkt wird, gilt dies auch f\u00fcr unsere Erf\u00fcllungsgehilfen.<\/p>\n<p>(5) Die Haftung nach dem Produkthaftungsgesetz bleibt unber\u00fchrt.<\/p>\n<h3>12. Datenschutz<\/h3>\n<p>(1) Wir tragen Sorge daf\u00fcr, dass Ihre personenbezogenen Daten nur erhoben, gespeichert und verarbeitet werden, soweit dies zur vertragsgem\u00e4\u00dfen Leistungserbringung erforderlich und durch gesetzliche Vorschriften erlaubt, oder vom Gesetzgeber angeordnet ist.<\/p>\n<p>(2) F\u00fcr den Fall, dass im Rahmen der Nutzung unserer Leistungen datenschutzrechtliche Einwilligungserkl\u00e4rungen von Ihnen eingeholt werden, wird darauf hingewiesen, dass Sie diese jederzeit mit Wirkung f\u00fcr die Zukunft widerrufen k\u00f6nnen.<\/p>\n<p>(3) Um die Leistungen des Hotspots f\u00fcr Sie zu erbringen, ist die Verwendung von personenbezogenen Daten Ihres Endger\u00e4tes erforderlich. In dem Zusammenhang werden ggf. auch die MAC-Adressen von Endger\u00e4ten tempor\u00e4r gespeichert. Ferner werden wir ggf. Protokolldaten (\u201eLogfiles\u201c) \u00fcber Art und Umfang der Nutzung der Dienstleistungen f\u00fcr 7 Tage speichern. Diese Daten k\u00f6nnen nicht unmittelbar Ihrer Person zugeordnet werden.<\/p>\n<h3>13. Schlussbestimmungen<\/h3>\n<p>(1) Es gilt das Recht der Bundesrepublik Deutschland, wobei die Geltung des UN-Kaufrechts ausgeschlossen wird.<\/p>\n<p>(2) Wenn Sie Kaufmann, juristische Person des \u00f6ffentlichen Rechts oder \u00f6ffentlich-rechtliches Sonderverm\u00f6gen sind, so ist unser Sitz ausschlie\u00dflicher Gerichtsstand f\u00fcr alle Streitigkeiten aus dem Vertragsverh\u00e4ltnis.<\/p>\n<p>(3) Sollten einzelne Bestimmungen dieser Nutzungsbedingungen unwirksam sein oder werden, so ber\u00fchrt dies die Wirksamkeit der \u00fcbrigen Bestimmungen nicht.<\/p>\n<!-- \/wp:tadv\/classic-paragraph -->","_et_gb_content_width":"","_FSMCFIC_featured_image_caption":"","_FSMCFIC_featured_image_nocaption":"","_FSMCFIC_featured_image_hide":"","footnotes":""},"class_list":["post-659","page","type-page","status-publish","hentry"],"_links":{"self":[{"href":"https:\/\/tinawhairstyle.de\/index.php?rest_route=\/wp\/v2\/pages\/659","targetHints":{"allow":["GET"]}}],"collection":[{"href":"https:\/\/tinawhairstyle.de\/index.php?rest_route=\/wp\/v2\/pages"}],"about":[{"href":"https:\/\/tinawhairstyle.de\/index.php?rest_route=\/wp\/v2\/types\/page"}],"author":[{"embeddable":true,"href":"https:\/\/tinawhairstyle.de\/index.php?rest_route=\/wp\/v2\/users\/1"}],"replies":[{"embeddable":true,"href":"https:\/\/tinawhairstyle.de\/index.php?rest_route=%2Fwp%2Fv2%2Fcomments&post=659"}],"version-history":[{"count":2,"href":"https:\/\/tinawhairstyle.de\/index.php?rest_route=\/wp\/v2\/pages\/659\/revisions"}],"predecessor-version":[{"id":987552629,"href":"https:\/\/tinawhairstyle.de\/index.php?rest_route=\/wp\/v2\/pages\/659\/revisions\/987552629"}],"wp:attachment":[{"href":"https:\/\/tinawhairstyle.de\/index.php?rest_route=%2Fwp%2Fv2%2Fmedia&parent=659"}],"curies":[{"name":"wp","href":"https:\/\/api.w.org\/{rel}","templated":true}]}}